{"id":13,"date":"2011-01-23T17:28:09","date_gmt":"2011-01-23T17:28:09","guid":{"rendered":"http:\/\/www.cyril-kalisz.org\/?page_id=13"},"modified":"2020-01-07T15:32:25","modified_gmt":"2020-01-07T15:32:25","slug":"13-2","status":"publish","type":"page","link":"https:\/\/www.cyril-kalisz.org\/","title":{"rendered":""},"content":{"rendered":"<p>&nbsp;<\/p>\n<p>\r\n\t\t\t\t<div  class=\"oceanwp-post-list clr oceanwp-swiper-container one container\" data-slideshow=\"7000\" data-number=\"\" data-space-between=\"\">\r\n\r\n\t\t\t\t\t<div class=\"posts-slider clr oceanwp-swiper-wrapper\">\r\n\r\n\t\t\t\t\t\t\r\n\t\t\t\t\t\t\t\t<article id=\"post-5141\" class=\"clr oceanwp-swiper-slide post-5141 post type-post status-publish format-standard has-post-thumbnail hentry category-couteaux category-pliants category-nuevo tag-amboine tag-amboine-noire tag-artisanal tag-carbone tag-chenailler tag-chenailler-mascheix-2 tag-correze tag-couteau tag-coutellerie tag-cyril-kalisz tag-demontable-3 tag-evrahim-baran tag-folder tag-folding-knife tag-france tag-frenchart tag-frenchknife tag-frenchmade tag-guillochage tag-inox tag-kalisz tag-knife tag-knife-art tag-knives tag-lockback tag-mascheix tag-mitres tag-novawood tag-nuevo tag-pompe-arriere tag-trempees tag-wootz tag-wootz-blade entry has-media\">\r\n\r\n\t\t\t\t\t\t\t\t\t<a href=\"https:\/\/www.cyril-kalisz.org\/?p=5141\" title=\"Nuevo Wootz &#038; Amboine noire\">\r\n\r\n\t\t\t\t\t\t\t\t\t\t\t\t\t\t\t\t\t\t\t\t\t\t<img loading=\"lazy\" decoding=\"async\" src=\"https:\/\/www.cyril-kalisz.org\/wp-content\/uploads\/2022\/04\/nggallery_import\/2022-04-NuevoWootzAmboine-02-scaled-1000x450.jpg\" alt=\"Nuevo Wootz &#038; Amboine noire\" width=\"1000\" height=\"450\" itemprop=\"image\" \/>\r\n\t\t\t\t\t\t\t\t\t\t\t\t\r\n\t\t\t\t\t\t\t\t\t<\/a>\r\n\r\n\t\t\t\t\t\t\t\t\t<div class=\"slide-overlay-wrap\">\r\n\r\n\t\t\t\t\t\t\t\t\t\t<div class=\"slide-overlay\">\r\n\r\n\t\t\t\t\t\t\t\t\t\t\t<div class=\"oceanwp-post-category\"><a href=\"https:\/\/www.cyril-kalisz.org\/?cat=9\" rel=\"category\">Couteaux<\/a> \/ <a href=\"https:\/\/www.cyril-kalisz.org\/?cat=4\" rel=\"category\">Couteaux pliants<\/a> \/ <a href=\"https:\/\/www.cyril-kalisz.org\/?cat=727\" rel=\"category\">Nuevo<\/a><\/div>\r\n\r\n\t\t\t\t\t\t\t\t\t\t\t\t\t\t\t\t\t\t\t\t\t\t\t<div class=\"line\"><\/div>\r\n\t\t\t\t\t\t\t\t\t\t\t\r\n\t\t\t\t\t\t\t\t\t\t\t<h2><a href=\"https:\/\/www.cyril-kalisz.org\/?p=5141\">Nuevo Wootz &#038; Amboine noire<\/a><\/h2>\r\n\r\n\t\t\t\t\t\t\t\t\t\t\t\r\n\t\t\t\t\t\t\t\t\t\t\t\t<div class=\"line\"><\/div>\r\n\r\n\t\t\t\t\t\t\t\t\t\t\t\t<div class=\"oceanwp-post-date\">11 avril 2022 by <a href=\"https:\/\/www.cyril-kalisz.org\/?author=1\" title=\"Articles par cyrilka\" rel=\"author\"  itemprop=\"author\" itemscope=\"itemscope\" itemtype=\"https:\/\/schema.org\/Person\">cyrilka<\/a><\/div>\r\n\t\t\t\t\t\t\t\t\t\t\t\t<a href=\"https:\/\/www.cyril-kalisz.org\/?p=5141\" class=\"readmore\">Lire la suite<\/a>\r\n\r\n\t\t\t\t\t\t\t\t\t\t\t\t\r\n\t\t\t\t\t\t\t\t\t\t<\/div>\r\n\r\n\t\t\t\t\t\t\t\t\t<\/div>\r\n\r\n\t\t\t\t\t\t\t\t<\/article>\r\n\r\n\t\t\t\t\t\t\t\t\r\n\t\t\t\t\t\t\t\t<article id=\"post-5131\" class=\"clr oceanwp-swiper-slide post-5131 post type-post status-publish format-standard has-post-thumbnail hentry category-couteaux category-pliants category-nomade tag-art-knife tag-art-knive tag-art-nouveau tag-artisanal tag-bois-de-renne tag-chenailler tag-chenailler-mascheix-2 tag-correze tag-couteau tag-coutellerie tag-custom-knife tag-cyril-kalisz tag-demontable-3 tag-french-made tag-guillochage tag-hand-made tag-inox tag-inoxydable tag-kalisz tag-mascheix tag-metallurgie-des-poudres-2 tag-mitres tag-mitres-integrales tag-nomade tag-parkerised tag-parkerisees tag-pompe-arriere tag-powder-metallurgie tag-renne tag-sg2 tag-sgps tag-suminagashi tag-trempees entry has-media\">\r\n\r\n\t\t\t\t\t\t\t\t\t<a href=\"https:\/\/www.cyril-kalisz.org\/?p=5131\" title=\"Nomade Art Nouveau &#8211; SG2 &#038; bois de renne\">\r\n\r\n\t\t\t\t\t\t\t\t\t\t\t\t\t\t\t\t\t\t\t\t\t\t<img loading=\"lazy\" decoding=\"async\" src=\"https:\/\/www.cyril-kalisz.org\/wp-content\/uploads\/2022\/03\/nggallery_import\/2022-03-17-NomadeSumiRenne-02-scaled-1000x450.jpg\" alt=\"Nomade Art Nouveau &#8211; SG2 &#038; bois de renne\" width=\"1000\" height=\"450\" itemprop=\"image\" \/>\r\n\t\t\t\t\t\t\t\t\t\t\t\t\r\n\t\t\t\t\t\t\t\t\t<\/a>\r\n\r\n\t\t\t\t\t\t\t\t\t<div class=\"slide-overlay-wrap\">\r\n\r\n\t\t\t\t\t\t\t\t\t\t<div class=\"slide-overlay\">\r\n\r\n\t\t\t\t\t\t\t\t\t\t\t<div class=\"oceanwp-post-category\"><a href=\"https:\/\/www.cyril-kalisz.org\/?cat=9\" rel=\"category\">Couteaux<\/a> \/ <a href=\"https:\/\/www.cyril-kalisz.org\/?cat=4\" rel=\"category\">Couteaux pliants<\/a> \/ <a href=\"https:\/\/www.cyril-kalisz.org\/?cat=656\" rel=\"category\">Nomade<\/a><\/div>\r\n\r\n\t\t\t\t\t\t\t\t\t\t\t\t\t\t\t\t\t\t\t\t\t\t\t<div class=\"line\"><\/div>\r\n\t\t\t\t\t\t\t\t\t\t\t\r\n\t\t\t\t\t\t\t\t\t\t\t<h2><a href=\"https:\/\/www.cyril-kalisz.org\/?p=5131\">Nomade Art Nouveau &#8211; SG2 &#038; bois de renne<\/a><\/h2>\r\n\r\n\t\t\t\t\t\t\t\t\t\t\t\r\n\t\t\t\t\t\t\t\t\t\t\t\t<div class=\"line\"><\/div>\r\n\r\n\t\t\t\t\t\t\t\t\t\t\t\t<div class=\"oceanwp-post-date\">27 mars 2022 by <a href=\"https:\/\/www.cyril-kalisz.org\/?author=1\" title=\"Articles par cyrilka\" rel=\"author\"  itemprop=\"author\" itemscope=\"itemscope\" itemtype=\"https:\/\/schema.org\/Person\">cyrilka<\/a><\/div>\r\n\t\t\t\t\t\t\t\t\t\t\t\t<a href=\"https:\/\/www.cyril-kalisz.org\/?p=5131\" class=\"readmore\">Lire la suite<\/a>\r\n\r\n\t\t\t\t\t\t\t\t\t\t\t\t\r\n\t\t\t\t\t\t\t\t\t\t<\/div>\r\n\r\n\t\t\t\t\t\t\t\t\t<\/div>\r\n\r\n\t\t\t\t\t\t\t\t<\/article>\r\n\r\n\t\t\t\t\t\t\t\t\r\n\t\t\t\t\t\t\t\t<article id=\"post-5123\" class=\"clr oceanwp-swiper-slide post-5123 post type-post status-publish format-standard has-post-thumbnail hentry category-couteaux category-pliants category-tailleur tag-artisanal tag-buffle tag-chenailler tag-chenailler-mascheix-2 tag-corne-de-buffle tag-correze tag-couteau tag-couteau-pliant tag-coutellerie tag-cran-force tag-cyril-kalisz tag-demontable-3 tag-guillochage tag-inox tag-inoxydable tag-kalisz tag-mascheix tag-mitres tag-mitres-sculptees tag-rwl34 tag-stonewashed tag-tailleur entry has-media\">\r\n\r\n\t\t\t\t\t\t\t\t\t<a href=\"https:\/\/www.cyril-kalisz.org\/?p=5123\" title=\"Tailleur RWL34 &#038; Buffle d&rsquo;eau\">\r\n\r\n\t\t\t\t\t\t\t\t\t\t\t\t\t\t\t\t\t\t\t\t\t\t<img loading=\"lazy\" decoding=\"async\" src=\"https:\/\/www.cyril-kalisz.org\/wp-content\/uploads\/2022\/03\/nggallery_import\/2022-03-TailleurRwlBuffle-02-1000x450.jpg\" alt=\"Tailleur RWL34 &#038; Buffle d&rsquo;eau\" width=\"1000\" height=\"450\" itemprop=\"image\" \/>\r\n\t\t\t\t\t\t\t\t\t\t\t\t\r\n\t\t\t\t\t\t\t\t\t<\/a>\r\n\r\n\t\t\t\t\t\t\t\t\t<div class=\"slide-overlay-wrap\">\r\n\r\n\t\t\t\t\t\t\t\t\t\t<div class=\"slide-overlay\">\r\n\r\n\t\t\t\t\t\t\t\t\t\t\t<div class=\"oceanwp-post-category\"><a href=\"https:\/\/www.cyril-kalisz.org\/?cat=9\" rel=\"category\">Couteaux<\/a> \/ <a href=\"https:\/\/www.cyril-kalisz.org\/?cat=4\" rel=\"category\">Couteaux pliants<\/a> \/ <a href=\"https:\/\/www.cyril-kalisz.org\/?cat=547\" rel=\"category\">Tailleur<\/a><\/div>\r\n\r\n\t\t\t\t\t\t\t\t\t\t\t\t\t\t\t\t\t\t\t\t\t\t\t<div class=\"line\"><\/div>\r\n\t\t\t\t\t\t\t\t\t\t\t\r\n\t\t\t\t\t\t\t\t\t\t\t<h2><a href=\"https:\/\/www.cyril-kalisz.org\/?p=5123\">Tailleur RWL34 &#038; Buffle d&rsquo;eau<\/a><\/h2>\r\n\r\n\t\t\t\t\t\t\t\t\t\t\t\r\n\t\t\t\t\t\t\t\t\t\t\t\t<div class=\"line\"><\/div>\r\n\r\n\t\t\t\t\t\t\t\t\t\t\t\t<div class=\"oceanwp-post-date\">27 mars 2022 by <a href=\"https:\/\/www.cyril-kalisz.org\/?author=1\" title=\"Articles par cyrilka\" rel=\"author\"  itemprop=\"author\" itemscope=\"itemscope\" itemtype=\"https:\/\/schema.org\/Person\">cyrilka<\/a><\/div>\r\n\t\t\t\t\t\t\t\t\t\t\t\t<a href=\"https:\/\/www.cyril-kalisz.org\/?p=5123\" class=\"readmore\">Lire la suite<\/a>\r\n\r\n\t\t\t\t\t\t\t\t\t\t\t\t\r\n\t\t\t\t\t\t\t\t\t\t<\/div>\r\n\r\n\t\t\t\t\t\t\t\t\t<\/div>\r\n\r\n\t\t\t\t\t\t\t\t<\/article>\r\n\r\n\t\t\t\t\t\t\t\t\r\n\t\t\t\t\t\t\t\t<article id=\"post-5045\" class=\"clr oceanwp-swiper-slide post-5045 post type-post status-publish format-standard has-post-thumbnail hentry category-salons entry has-media\">\r\n\r\n\t\t\t\t\t\t\t\t\t<a href=\"https:\/\/www.cyril-kalisz.org\/?p=5045\" title=\"Euro Knife Show 2022\">\r\n\r\n\t\t\t\t\t\t\t\t\t\t\t\t\t\t\t\t\t\t\t\t\t\t<img loading=\"lazy\" decoding=\"async\" src=\"https:\/\/www.cyril-kalisz.org\/wp-content\/uploads\/2022\/03\/nggallery_import\/2022-02-DuoHaidouc-02-scaled-1000x450.jpg\" alt=\"Euro Knife Show 2022\" width=\"1000\" height=\"450\" itemprop=\"image\" \/>\r\n\t\t\t\t\t\t\t\t\t\t\t\t\r\n\t\t\t\t\t\t\t\t\t<\/a>\r\n\r\n\t\t\t\t\t\t\t\t\t<div class=\"slide-overlay-wrap\">\r\n\r\n\t\t\t\t\t\t\t\t\t\t<div class=\"slide-overlay\">\r\n\r\n\t\t\t\t\t\t\t\t\t\t\t<div class=\"oceanwp-post-category\"><a href=\"https:\/\/www.cyril-kalisz.org\/?cat=560\" rel=\"category\">Salons<\/a><\/div>\r\n\r\n\t\t\t\t\t\t\t\t\t\t\t\t\t\t\t\t\t\t\t\t\t\t\t<div class=\"line\"><\/div>\r\n\t\t\t\t\t\t\t\t\t\t\t\r\n\t\t\t\t\t\t\t\t\t\t\t<h2><a href=\"https:\/\/www.cyril-kalisz.org\/?p=5045\">Euro Knife Show 2022<\/a><\/h2>\r\n\r\n\t\t\t\t\t\t\t\t\t\t\t\r\n\t\t\t\t\t\t\t\t\t\t\t\t<div class=\"line\"><\/div>\r\n\r\n\t\t\t\t\t\t\t\t\t\t\t\t<div class=\"oceanwp-post-date\">27 mars 2022 by <a href=\"https:\/\/www.cyril-kalisz.org\/?author=1\" title=\"Articles par cyrilka\" rel=\"author\"  itemprop=\"author\" itemscope=\"itemscope\" itemtype=\"https:\/\/schema.org\/Person\">cyrilka<\/a><\/div>\r\n\t\t\t\t\t\t\t\t\t\t\t\t<a href=\"https:\/\/www.cyril-kalisz.org\/?p=5045\" class=\"readmore\">Lire la suite<\/a>\r\n\r\n\t\t\t\t\t\t\t\t\t\t\t\t\r\n\t\t\t\t\t\t\t\t\t\t<\/div>\r\n\r\n\t\t\t\t\t\t\t\t\t<\/div>\r\n\r\n\t\t\t\t\t\t\t\t<\/article>\r\n\r\n\t\t\t\t\t\t\t\t\r\n\t\t\t\t\t\t\t\t<article id=\"post-5096\" class=\"clr oceanwp-swiper-slide post-5096 post type-post status-publish format-standard has-post-thumbnail hentry category-couteaux category-pliants category-marcos tag-art-nouveau tag-artisanal tag-bois-de-renne tag-bolsters tag-bruce-barnett tag-carbon-steel tag-carbone tag-chenailler-mascheix-2 tag-correze tag-couteau tag-couteau-pliant tag-custom-knife tag-damas-twist tag-folding-knife tag-france tag-francois-maziere tag-french tag-guillochage tag-hand-craft tag-hand-made tag-handcraft tag-handmade tag-integral-bolsters tag-journeysmith tag-lock-back-2 tag-lockback tag-marcos tag-mitres tag-nickwich tag-pompe-arriere tag-sanmai entry has-media\">\r\n\r\n\t\t\t\t\t\t\t\t\t<a href=\"https:\/\/www.cyril-kalisz.org\/?p=5096\" title=\"Marcos Sanmai &#038; Renne\">\r\n\r\n\t\t\t\t\t\t\t\t\t\t\t\t\t\t\t\t\t\t\t\t\t\t<img loading=\"lazy\" decoding=\"async\" src=\"https:\/\/www.cyril-kalisz.org\/wp-content\/uploads\/2022\/03\/nggallery_import\/2022-02-MarcosSanMaiRenne-00-scaled-1000x450.jpg\" alt=\"Marcos Sanmai &#038; Renne\" width=\"1000\" height=\"450\" itemprop=\"image\" \/>\r\n\t\t\t\t\t\t\t\t\t\t\t\t\r\n\t\t\t\t\t\t\t\t\t<\/a>\r\n\r\n\t\t\t\t\t\t\t\t\t<div class=\"slide-overlay-wrap\">\r\n\r\n\t\t\t\t\t\t\t\t\t\t<div class=\"slide-overlay\">\r\n\r\n\t\t\t\t\t\t\t\t\t\t\t<div class=\"oceanwp-post-category\"><a href=\"https:\/\/www.cyril-kalisz.org\/?cat=9\" rel=\"category\">Couteaux<\/a> \/ <a href=\"https:\/\/www.cyril-kalisz.org\/?cat=4\" rel=\"category\">Couteaux pliants<\/a> \/ <a href=\"https:\/\/www.cyril-kalisz.org\/?cat=798\" rel=\"category\">Marcos<\/a><\/div>\r\n\r\n\t\t\t\t\t\t\t\t\t\t\t\t\t\t\t\t\t\t\t\t\t\t\t<div class=\"line\"><\/div>\r\n\t\t\t\t\t\t\t\t\t\t\t\r\n\t\t\t\t\t\t\t\t\t\t\t<h2><a href=\"https:\/\/www.cyril-kalisz.org\/?p=5096\">Marcos Sanmai &#038; Renne<\/a><\/h2>\r\n\r\n\t\t\t\t\t\t\t\t\t\t\t\r\n\t\t\t\t\t\t\t\t\t\t\t\t<div class=\"line\"><\/div>\r\n\r\n\t\t\t\t\t\t\t\t\t\t\t\t<div class=\"oceanwp-post-date\">27 mars 2022 by <a href=\"https:\/\/www.cyril-kalisz.org\/?author=1\" title=\"Articles par cyrilka\" rel=\"author\"  itemprop=\"author\" itemscope=\"itemscope\" itemtype=\"https:\/\/schema.org\/Person\">cyrilka<\/a><\/div>\r\n\t\t\t\t\t\t\t\t\t\t\t\t<a href=\"https:\/\/www.cyril-kalisz.org\/?p=5096\" class=\"readmore\">Lire la suite<\/a>\r\n\r\n\t\t\t\t\t\t\t\t\t\t\t\t\r\n\t\t\t\t\t\t\t\t\t\t<\/div>\r\n\r\n\t\t\t\t\t\t\t\t\t<\/div>\r\n\r\n\t\t\t\t\t\t\t\t<\/article>\r\n\r\n\t\t\t\t\t\t\t\t\r\n\t\t\t\t\t<\/div>\r\n\r\n\t\t\t\t\t<!-- If we need pagination -->\r\n\t\t\t\t\t<div class=\"oceanwp-swiper-pagination\"><\/div>\r\n\r\n\t\t\t\t\t<!-- If we need navigation buttons -->\r\n\t\t\t\t\t<div class=\"oceanwp-swiper-button-prev oceanwp-swiper-button-white\"><\/div>\r\n\t\t\t\t\t<div class=\"oceanwp-swiper-button-next oceanwp-swiper-button-white\"><\/div>\r\n\r\n\t\t\t\t\t<!-- If we need scrollbar -->\r\n\t\t\t\t\t<div class=\"oceanwp-swiper-scrollbar\"><\/div>\r\n\t\t\t\t<\/div>\r\n\r\n\t\t\t\t<\/p>\n<p><em>\u00ab\u00a0Autrefois tout achat chez des artisans \u00e9tait une distinction accord\u00e9e \u00e0 une personne, des marques de la quelle on s&rsquo;entourait : de la sorte les objets usuels et les v\u00eatements devenaient des symboles d&rsquo;estime r\u00e9ciproque et d&rsquo;affinit\u00e9 personnelle, tandis qu&rsquo;aujourd&rsquo;hui nous semblons vivre seulement au milieu d&rsquo;un esclavage anonyme et impersonnel.\u00a0\u00bb<\/em> Friedrich Nietzsche \u00ab\u00a0Le voyageur et son ombre &#8211; p.938\u00a0\u00bb<\/p>\n<p><strong>Ici notre atelier&nbsp;<a title=\"L\u2019atelier\" href=\"http:\/\/www.cyril-kalisz.org\/?page_id=104\">Bois\/m\u00e9taux :&nbsp;<\/a>Treyssac &#8211; 19120 Chenailler-Mascheix !<\/strong><\/p>\n<p>Vous trouverez sur ce site les couteaux et autres objets tranchants r\u00e9alis\u00e9s enti\u00e8rement de fa\u00e7on artisanale.<\/p>\n<p>Chaque couteau est une r\u00e9alisation unique, o\u00f9 toutes les pi\u00e8ces le constituant auront re\u00e7u une attention particuli\u00e8re \u00e0 fin de cr\u00e9er un objet de qualit\u00e9! Chaque cr\u00e9ation est mise en ligne.<\/p>\n<p>L&rsquo;une des sp\u00e9cificit\u00e9s de mon travail se trouve dans les guillochages g\u00e9om\u00e9triques que je sculpte sur les pi\u00e8ces de mes ouvrages. Ils sont tous en photos ici : <a href=\"http:\/\/www.cyril-kalisz.org\/?page_id=148\">Les Guillochages<\/a><\/p>\n<p>Tout les traitements thermiques des lames et ressorts sont \u00e9galement fait par mes soins \u00e0 fin d&rsquo;obtenir les caract\u00e9ristiques des aciers souhait\u00e9s<em>&nbsp;(grain de l&rsquo;acier le plus fin, inoxydabilit\u00e9, duret\u00e9 des lames, tranchant rasoir, m\u00e9caniques des ressorts souples et r\u00e9sistants&#8230;).<\/em><\/p>\n<p>Vous trouverez parmi toutes ces r\u00e9alisations des couteaux pliants,&nbsp;<em>liner-lock<\/em>&nbsp;(blocage de la lame par platine en position ouverte) ou \u00e0&nbsp;<em>cran forc\u00e9<\/em>&nbsp;(il faut forcer sur la lame en position ouverte pour la refermer, beaucoup de nos couteaux de poches ou canifs ont ce syst\u00e8me), des couteaux droits, mont\u00e9s en&nbsp;<em>plate semelle<\/em>&nbsp;ou mont\u00e9s&nbsp;<em>sur soie<\/em>.<\/p>\n<p>Pour toute question concernant les lames et les manches, je vous invite \u00e0 me contacter!<\/p>\n<div>&nbsp;<\/div>\n<div style=\"padding-bottom:20px; padding-top:10px;\" class=\"hupso-share-buttons\"><!-- Hupso Share Buttons - https:\/\/www.hupso.com\/share\/ --><a class=\"hupso_toolbar\" href=\"https:\/\/www.hupso.com\/share\/\"><img decoding=\"async\" src=\"https:\/\/static.hupso.com\/share\/buttons\/dot.png\" style=\"border:0px; padding-top: 5px; float:left;\" alt=\"Share Button\"\/><\/a><script type=\"text\/javascript\">var hupso_services_t=new Array(\"Twitter\",\"Facebook\",\"Google Plus\",\"Pinterest\",\"Digg\",\"Reddit\",\"Bebo\",\"Delicious\");var hupso_background_t=\"#EAF4FF\";var hupso_border_t=\"#66CCFF\";var hupso_toolbar_size_t=\"small\";var hupso_image_folder_url = \"\";var hupso_url_t=\"\";var hupso_title_t=\"\";<\/script><script type=\"text\/javascript\" src=\"https:\/\/static.hupso.com\/share\/js\/share_toolbar.js\"><\/script><!-- Hupso Share Buttons --><\/div>\n","protected":false},"excerpt":{"rendered":"<p>&nbsp; \u00ab\u00a0Autrefois tout achat chez des artisans \u00e9tait une distinction accord\u00e9e \u00e0 une personne, des marques de la quelle on s&rsquo;entourait : de la sorte les objets usuels et les v\u00eatements devenaient des symboles d&rsquo;estime r\u00e9ciproque et d&rsquo;affinit\u00e9 personnelle, tandis qu&rsquo;aujourd&rsquo;hui nous semblons vivre seulement au milieu d&rsquo;un esclavage anonyme et impersonnel.\u00a0\u00bb Friedrich Nietzsche \u00ab\u00a0Le [&hellip;]<\/p>\n<div style=\"padding-bottom:20px; padding-top:10px;\" class=\"hupso-share-buttons\"><!-- Hupso Share Buttons - https:\/\/www.hupso.com\/share\/ --><a class=\"hupso_toolbar\" href=\"https:\/\/www.hupso.com\/share\/\"><img src=\"https:\/\/static.hupso.com\/share\/buttons\/dot.png\" style=\"border:0px; padding-top: 5px; float:left;\" alt=\"Share Button\"\/><\/a><script type=\"text\/javascript\">var hupso_services_t=new Array(\"Twitter\",\"Facebook\",\"Google Plus\",\"Pinterest\",\"Digg\",\"Reddit\",\"Bebo\",\"Delicious\");var hupso_background_t=\"#EAF4FF\";var hupso_border_t=\"#66CCFF\";var hupso_toolbar_size_t=\"small\";var hupso_image_folder_url = \"\";var hupso_url_t=\"\";var hupso_title_t=\"Marcos%20Sanmai%20%26%20Renne\";<\/script><script type=\"text\/javascript\" src=\"https:\/\/static.hupso.com\/share\/js\/share_toolbar.js\"><\/script><!-- Hupso Share Buttons --><\/div>","protected":false},"author":1,"featured_media":0,"parent":0,"menu_order":0,"comment_status":"closed","ping_status":"closed","template":"","meta":{"ngg_post_thumbnail":0,"footnotes":""},"class_list":["post-13","page","type-page","status-publish","hentry","entry","has-media"],"_links":{"self":[{"href":"https:\/\/www.cyril-kalisz.org\/index.php?rest_route=\/wp\/v2\/pages\/13","targetHints":{"allow":["GET"]}}],"collection":[{"href":"https:\/\/www.cyril-kalisz.org\/index.php?rest_route=\/wp\/v2\/pages"}],"about":[{"href":"https:\/\/www.cyril-kalisz.org\/index.php?rest_route=\/wp\/v2\/types\/page"}],"author":[{"embeddable":true,"href":"https:\/\/www.cyril-kalisz.org\/index.php?rest_route=\/wp\/v2\/users\/1"}],"replies":[{"embeddable":true,"href":"https:\/\/www.cyril-kalisz.org\/index.php?rest_route=%2Fwp%2Fv2%2Fcomments&post=13"}],"version-history":[{"count":14,"href":"https:\/\/www.cyril-kalisz.org\/index.php?rest_route=\/wp\/v2\/pages\/13\/revisions"}],"predecessor-version":[{"id":4522,"href":"https:\/\/www.cyril-kalisz.org\/index.php?rest_route=\/wp\/v2\/pages\/13\/revisions\/4522"}],"wp:attachment":[{"href":"https:\/\/www.cyril-kalisz.org\/index.php?rest_route=%2Fwp%2Fv2%2Fmedia&parent=13"}],"curies":[{"name":"wp","href":"https:\/\/api.w.org\/{rel}","templated":true}]}}